{"id":9,"date":"2015-08-27T17:12:28","date_gmt":"2015-08-27T15:12:28","guid":{"rendered":"http:\/\/www.feiner-wuthe.at\/?page_id=9"},"modified":"2022-08-24T13:31:48","modified_gmt":"2022-08-24T11:31:48","slug":"startseite","status":"publish","type":"page","link":"https:\/\/www.feiner-wuthe.at\/","title":{"rendered":"STARTSEITE"},"content":{"rendered":"\n\n[et_pb_section fb_built=&#8220;1&#8243; _builder_version=&#8220;4.16&#8243; global_colors_info=&#8220;{}&#8220;][et_pb_row _builder_version=&#8220;4.16&#8243; background_size=&#8220;initial&#8220; background_position=&#8220;top_left&#8220; background_repeat=&#8220;repeat&#8220; global_colors_info=&#8220;{}&#8220;][et_pb_column type=&#8220;4_4&#8243; _builder_version=&#8220;4.16&#8243; custom_padding=&#8220;|||&#8220; global_colors_info=&#8220;{}&#8220; custom_padding__hover=&#8220;|||&#8220;][et_pb_image src=&#8220;http:\/\/www.feiner-wuthe.at\/wp-content\/uploads\/2018\/01\/Eberhard-und-Michaela-Portrait-lachend.jpeg&#8220; url_new_window=&#8220;on&#8220; align_tablet=&#8220;center&#8220; align_last_edited=&#8220;on|desktop&#8220; _builder_version=&#8220;4.16&#8243; box_shadow_style=&#8220;preset1&#8243; always_center_on_mobile=&#8220;on&#8220; global_colors_info=&#8220;{}&#8220; align_phone=&#8220;center&#8220;][\/et_pb_image][\/et_pb_column][\/et_pb_row][et_pb_row _builder_version=&#8220;4.16&#8243; background_size=&#8220;initial&#8220; background_position=&#8220;top_left&#8220; background_repeat=&#8220;repeat&#8220; global_colors_info=&#8220;{}&#8220;][et_pb_column type=&#8220;4_4&#8243; _builder_version=&#8220;4.16&#8243; custom_padding=&#8220;|||&#8220; global_colors_info=&#8220;{}&#8220; custom_padding__hover=&#8220;|||&#8220;][et_pb_text _builder_version=&#8220;4.16&#8243; global_colors_info=&#8220;{}&#8220;]<h2><span style=\"color: #e02b20;\">Herzlich willkommen!<\/span><\/h2>\n<p>Wir freuen uns, dass Sie uns gefunden haben und sich hier ein wenig umschauen m\u00f6chten. Eines gleich vorweg: Dies ist&nbsp;eine nicht kommerzielle Seite! Alles was wir&nbsp;m\u00f6chten, ist uns, unsere Forschungen und unsere Anliegen einer breiten \u00d6ffentlichkeit zu pr\u00e4sentieren.<\/p>\n<p>&nbsp;<\/p>\n<h2><span style=\"color: #e02b20;\">Unsere Ziele<\/span><\/h2>\n<p>Unser vorrangiges Ziel ist die wissenschaftliche Forschung im Bereich Volkskunde, Europ\u00e4ischer Ethnologie und Kulturanthropologie. Dabei bedienen wir ein sehr breites Spektrum von Forschungs- und Themenbereichen: von materieller Kultur, \u00fcber&nbsp;Brauchtumsforschung bis hin zur visuellen Anthropologie. Unsere aktuellen Erkenntnisse wollen wir hier an dieser Stelle gerne mit Ihnen teilen.<\/p>\n<p>Weiters m\u00f6chten wir den Menschen den Einstieg in die&nbsp;Kultur erleichtern, indem wir gemeinsam mit ihnen verschiedene Veranstaltungen besuchen. In den letzten Jahren haben wir&nbsp;n\u00e4mlich festgestellt, dass viele Menschen nur schwer&nbsp;Zugang zu Kunst oder Kultur finden, was viele verschiedene Ursachen haben mag. Unserer Meinung nach kann ein gemeinsamer Besuch schon einmal die erste Hemmschwelle \u00fcberwinden. Au\u00dferdem macht der Besuch in einer&nbsp;Gruppe mit Sicherheit wesentlich&nbsp;mehr Spa\u00df als alleine, da man sich austauschen kann. Dadurch erfolgt die Rezeption von Kultur viel intensiver.<\/p>\n<p>&nbsp;<\/p>\n<p>Michaela Feiner-Wuthe &amp; Eberhard Feiner-Wuthe<\/p>[\/et_pb_text][\/et_pb_column][\/et_pb_row][\/et_pb_section]\n\n","protected":false},"excerpt":{"rendered":"<p>Herzlich willkommen! Wir freuen uns, dass Sie uns gefunden haben und sich hier ein wenig umschauen m\u00f6chten. Eines gleich vorweg: Dies ist&nbsp;eine nicht kommerzielle Seite! Alles was wir&nbsp;m\u00f6chten, ist uns, unsere Forschungen und unsere Anliegen einer breiten \u00d6ffentlichkeit zu pr\u00e4sentieren. &nbsp; Unsere Ziele Unser vorrangiges Ziel ist die wissenschaftliche Forschung im Bereich Volkskunde, Europ\u00e4ischer Ethnologie [&hellip;]<\/p>\n","protected":false},"author":1,"featured_media":0,"parent":0,"menu_order":1,"comment_status":"closed","ping_status":"closed","template":"","meta":{"_et_pb_use_builder":"on","_et_pb_old_content":"","_et_gb_content_width":"","footnotes":""},"class_list":["post-9","page","type-page","status-publish","hentry"],"_links":{"self":[{"href":"https:\/\/www.feiner-wuthe.at\/index.php?rest_route=\/wp\/v2\/pages\/9","targetHints":{"allow":["GET"]}}],"collection":[{"href":"https:\/\/www.feiner-wuthe.at\/index.php?rest_route=\/wp\/v2\/pages"}],"about":[{"href":"https:\/\/www.feiner-wuthe.at\/index.php?rest_route=\/wp\/v2\/types\/page"}],"author":[{"embeddable":true,"href":"https:\/\/www.feiner-wuthe.at\/index.php?rest_route=\/wp\/v2\/users\/1"}],"replies":[{"embeddable":true,"href":"https:\/\/www.feiner-wuthe.at\/index.php?rest_route=%2Fwp%2Fv2%2Fcomments&post=9"}],"version-history":[{"count":20,"href":"https:\/\/www.feiner-wuthe.at\/index.php?rest_route=\/wp\/v2\/pages\/9\/revisions"}],"predecessor-version":[{"id":347,"href":"https:\/\/www.feiner-wuthe.at\/index.php?rest_route=\/wp\/v2\/pages\/9\/revisions\/347"}],"wp:attachment":[{"href":"https:\/\/www.feiner-wuthe.at\/index.php?rest_route=%2Fwp%2Fv2%2Fmedia&parent=9"}],"curies":[{"name":"wp","href":"https:\/\/api.w.org\/{rel}","templated":true}]}}