{"id":6,"date":"2015-08-27T17:10:00","date_gmt":"2015-08-27T15:10:00","guid":{"rendered":"http:\/\/www.feiner-wuthe.at\/?page_id=6"},"modified":"2025-01-17T09:28:57","modified_gmt":"2025-01-17T08:28:57","slug":"veroeffentlichungen-efw","status":"publish","type":"page","link":"https:\/\/www.feiner-wuthe.at\/?page_id=6","title":{"rendered":"Ver\u00f6ffentlichungen Eberhard Feiner-Wuthe"},"content":{"rendered":"\n\n[et_pb_section fb_built=&#8220;1&#8243; _builder_version=&#8220;3.22.3&#8243;][et_pb_row _builder_version=&#8220;3.22.3&#8243; background_size=&#8220;initial&#8220; background_position=&#8220;top_left&#8220; background_repeat=&#8220;repeat&#8220;][et_pb_column type=&#8220;1_4&#8243; _builder_version=&#8220;3.0.47&#8243;][\/et_pb_column][et_pb_column type=&#8220;1_2&#8243; _builder_version=&#8220;3.0.47&#8243;][et_pb_text _builder_version=&#8220;3.0.92&#8243;]<h3><span style=\"text-decoration: underline;\"><span style=\"color: #e02b20; text-decoration: underline;\">Titel\u00a0<\/span><\/span><span style=\"text-decoration: underline;\"><span style=\"color: #e02b20; text-decoration: underline;\">und\u00a0<\/span><\/span><span style=\"text-decoration: underline;\"><span style=\"color: #e02b20; text-decoration: underline;\">kurze Zusammenfassung <\/span><\/span><span style=\"text-decoration: underline;\"><span style=\"color: #e02b20; text-decoration: underline;\">der Arbeit<\/span><\/span><\/h3>\r[\/et_pb_text][\/et_pb_column][et_pb_column type=&#8220;1_4&#8243; _builder_version=&#8220;3.0.47&#8243;][et_pb_text _builder_version=&#8220;3.0.92&#8243;]<h3><span style=\"text-decoration: underline; color: #e02b20;\">Kategorien<\/span><\/h3>\r[\/et_pb_text][\/et_pb_column][\/et_pb_row][et_pb_row _builder_version=&#8220;3.22.3&#8243; background_size=&#8220;initial&#8220; background_position=&#8220;top_left&#8220; background_repeat=&#8220;repeat&#8220;][et_pb_column type=&#8220;1_4&#8243; _builder_version=&#8220;3.0.47&#8243;][et_pb_image src=&#8220;http:\/\/www.feiner-wuthe.at\/wp-content\/uploads\/2018\/01\/3-Generation-What-und-Beziehungen-2016-10-PRIDE-154-Seite-32-33.jpg&#8220; url_new_window=&#8220;on&#8220; align_tablet=&#8220;center&#8220; align_last_edited=&#8220;on|desktop&#8220; admin_label=&#8220;Bild Generation What 3&#8243; _builder_version=&#8220;3.23&#8243; box_shadow_style=&#8220;preset1&#8243; always_center_on_mobile=&#8220;on&#8220;][\/et_pb_image][\/et_pb_column][et_pb_column type=&#8220;1_2&#8243; _builder_version=&#8220;3.0.47&#8243;][et_pb_text admin_label=&#8220;2016 10 &#8211; Generation What 3&#8243; _builder_version=&#8220;3.0.93&#8243;]<h4><span style=\"color: #e02b20;\">Generation What und Beziehungen<\/span><\/h4>\r\nIm dritten Teil zur gro\u00dfen Jugendumfrage der &#8222;Generation What&#8220; geht es um die Vorstellung von Beziehung, Beziehungsformen, Trennungen und die eigene Zukunft.\r\n\r\n<em>Generation What und Beziehungen. In: PRIDE (2016) 154, S. 32-33. Hier geht es zur <span style=\"color: #e02b20;\"><a style=\"color: #e02b20;\" href=\"http:\/\/www.pride.at\/ausgabe\/154-oktober-2016\/\">Online-Ausgabe<\/a><\/span>.<\/em>\r[\/et_pb_text][\/et_pb_column][et_pb_column type=&#8220;1_4&#8243; _builder_version=&#8220;3.0.47&#8243;][et_pb_text _builder_version=&#8220;3.0.92&#8243;]Jugend\r\nGesellschaft\r\nBeziehung\r[\/et_pb_text][\/et_pb_column][\/et_pb_row][et_pb_row _builder_version=&#8220;3.22.3&#8243; background_size=&#8220;initial&#8220; background_position=&#8220;top_left&#8220; background_repeat=&#8220;repeat&#8220;][et_pb_column type=&#8220;1_4&#8243; _builder_version=&#8220;3.0.47&#8243;][et_pb_image src=&#8220;http:\/\/www.feiner-wuthe.at\/wp-content\/uploads\/2018\/01\/1-Generation-What-und-Homofreundlichkeit-2016-06-PRIDE-152-Seite-44-45.jpg&#8220; url_new_window=&#8220;on&#8220; align_tablet=&#8220;center&#8220; align_last_edited=&#8220;on|desktop&#8220; admin_label=&#8220;Bild Generation What 1&#8243; _builder_version=&#8220;3.23&#8243; box_shadow_style=&#8220;preset1&#8243; always_center_on_mobile=&#8220;on&#8220;][\/et_pb_image][\/et_pb_column][et_pb_column type=&#8220;1_2&#8243; _builder_version=&#8220;3.0.47&#8243;][et_pb_text admin_label=&#8220;2016 06 &#8211; Generation What 1&#8243; _builder_version=&#8220;3.0.93&#8243;]<h4><span style=\"color: #e02b20;\">Generation What und ihr Umgang mit Homosexualit\u00e4t<\/span><\/h4>\r\nIm ersten Teil zur gro\u00dfen Jugendumfrage der &#8222;Generation What&#8220; geht es um den Umgang mit Homosexualit\u00e4t bei sich und bei anderen. Des weiteren geht es auch um den Vergleich aller europ\u00e4ischer L\u00e4nder bez\u00fcglich offenem Umgang mit Homosexualit\u00e4t.\r\n\r\n<em>Generation What und Homofreundlichkeit. In: PRIDE (2016) 152, S. 44-45. Hier geht es zur <span style=\"color: #e02b20;\"><a style=\"color: #e02b20;\" href=\"http:\/\/www.pride.at\/ausgabe\/pride-nr-152juni-2016\/\">Online-Ausgabe<\/a><\/span>.<\/em>\r[\/et_pb_text][\/et_pb_column][et_pb_column type=&#8220;1_4&#8243; _builder_version=&#8220;3.0.47&#8243;][et_pb_text _builder_version=&#8220;3.0.92&#8243;]Jugend\r\nGesellschaft\r\nSexualit\u00e4t\r[\/et_pb_text][\/et_pb_column][\/et_pb_row][et_pb_row _builder_version=&#8220;3.22.3&#8243; background_size=&#8220;initial&#8220; background_position=&#8220;top_left&#8220; background_repeat=&#8220;repeat&#8220;][et_pb_column type=&#8220;1_4&#8243; _builder_version=&#8220;3.0.47&#8243;][et_pb_image src=&#8220;http:\/\/www.feiner-wuthe.at\/wp-content\/uploads\/2018\/01\/2-Der-Sex-der-Generation-What-2016-08-PRIDE-153-Seite-42-43.jpg&#8220; url_new_window=&#8220;on&#8220; align_tablet=&#8220;center&#8220; align_last_edited=&#8220;on|desktop&#8220; admin_label=&#8220;Bild Generation What 2&#8243; _builder_version=&#8220;3.23&#8243; box_shadow_style=&#8220;preset1&#8243; always_center_on_mobile=&#8220;on&#8220;][\/et_pb_image][\/et_pb_column][et_pb_column type=&#8220;1_2&#8243; _builder_version=&#8220;3.0.47&#8243;][et_pb_text admin_label=&#8220;2016 08 &#8211; Generation What 2&#8243; _builder_version=&#8220;3.0.93&#8243;]<h4><span style=\"color: #e02b20;\">Generation What und Sexualit\u00e4t<\/span><\/h4>\r\nIm zweiten Teil zur gro\u00dfen Jugendumfrage der &#8222;Generation What&#8220; geht es unter anderem um Verh\u00fctung, One-Night-Stands, Sex mit mehreren Personen, Selbstbefriedigung und Sexspielzeug.\r\n\r\n<em>Der Sex der Generation What. In: PRIDE (2016) 153, S. 42-43. Hier geht es zur <span style=\"color: #e02b20;\"><a style=\"color: #e02b20;\" href=\"http:\/\/www.pride.at\/ausgabe\/pride-153aug-2016\/\">Online-Ausgabe<\/a><\/span>.<\/em>\r[\/et_pb_text][\/et_pb_column][et_pb_column type=&#8220;1_4&#8243; _builder_version=&#8220;3.0.47&#8243;][et_pb_text _builder_version=&#8220;3.0.92&#8243;]Jugend\r\nGesellschaft\r\nSexualit\u00e4t\r[\/et_pb_text][\/et_pb_column][\/et_pb_row][et_pb_row _builder_version=&#8220;3.22.3&#8243; background_size=&#8220;initial&#8220; background_position=&#8220;top_left&#8220; background_repeat=&#8220;repeat&#8220;][et_pb_column type=&#8220;1_4&#8243; _builder_version=&#8220;3.0.47&#8243;][et_pb_image src=&#8220;http:\/\/www.feiner-wuthe.at\/wp-content\/uploads\/2018\/01\/CSD-Parkfest-Eine-kleine-bunte-Welt-im-Grazer-Volksgarten-2016-Pantera-S.-32-33.jpg&#8220; url_new_window=&#8220;on&#8220; align_tablet=&#8220;center&#8220; align_last_edited=&#8220;on|desktop&#8220; admin_label=&#8220;Bild CSD Parkfest&#8220; _builder_version=&#8220;3.23&#8243; box_shadow_style=&#8220;preset1&#8243; always_center_on_mobile=&#8220;on&#8220;][\/et_pb_image][\/et_pb_column][et_pb_column type=&#8220;1_2&#8243; _builder_version=&#8220;3.0.47&#8243;][et_pb_text admin_label=&#8220;2016 02 &#8211; CSD Parkfest&#8220; _builder_version=&#8220;3.0.93&#8243;]<h4><span style=\"color: #e02b20;\">CSD Parkfest<\/span><\/h4>\r\nIn diesem Artikel geht es um die Anf\u00e4nge der &#8222;Gay Prides&#8220; nach den Ausschreitungen in New York von 1969 und wie der &#8222;Christopher Street Day&#8220; schlie\u00dflich auch in Graz angekommen ist.\r\n\r\n<em>CSD Parkfest &#8211; Eine kleine bunte Welt im Grazer Volksgarten, in: Panthera (2016), S. 32-33. Hier geht es zur <span style=\"color: #e02b20;\"><a style=\"color: #e02b20;\" href=\"https:\/\/issuu.com\/homo.at\/docs\/tb_2016_panthera_screen\">Online-Ausgabe<\/a><\/span>.<\/em>\r[\/et_pb_text][\/et_pb_column][et_pb_column type=&#8220;1_4&#8243; _builder_version=&#8220;3.0.47&#8243;][et_pb_text _builder_version=&#8220;3.0.93&#8243;]Gesellschaft\r\nSexualit\u00e4t\r[\/et_pb_text][\/et_pb_column][\/et_pb_row][et_pb_row _builder_version=&#8220;3.22.3&#8243; background_size=&#8220;initial&#8220; background_position=&#8220;top_left&#8220; background_repeat=&#8220;repeat&#8220;][et_pb_column type=&#8220;1_4&#8243; _builder_version=&#8220;3.0.47&#8243;][et_pb_image src=&#8220;http:\/\/www.feiner-wuthe.at\/wp-content\/uploads\/2018\/01\/Ein-Gaycop-mit-Courage-Panthera-2015-S.-28..jpg&#8220; url_new_window=&#8220;on&#8220; align_tablet=&#8220;center&#8220; align_last_edited=&#8220;on|desktop&#8220; admin_label=&#8220;Bild Gaycop&#8220; _builder_version=&#8220;3.23&#8243; box_shadow_style=&#8220;preset1&#8243; always_center_on_mobile=&#8220;on&#8220;][\/et_pb_image][\/et_pb_column][et_pb_column type=&#8220;1_2&#8243; _builder_version=&#8220;3.0.47&#8243;][et_pb_text admin_label=&#8220;2015 02 &#8211; Gaycop&#8220; _builder_version=&#8220;3.0.93&#8243;]<h4><span style=\"color: #e02b20;\">Ein Gaycop mit Courage!<\/span><\/h4>\r\nIn einem sehr pers\u00f6nlichen und ber\u00fchrenden Interview erz\u00e4hlt ein Polizist \u00fcber die Schikanen in einer von M\u00e4nnern dominierten Welt der Polizei und welche sp\u00fcrbaren Auswirkungen das f\u00fcr ihn selbst hatte.\r\n\r\n<em>Ein Gaycop mit Courage! In: Panthera (2015), S. 28. Hier geht es zur <span style=\"color: #e02b20;\"><a style=\"color: #e02b20;\" href=\"https:\/\/issuu.com\/homo.at\/docs\/panthera_screen_einzeln\">Online-Ausgabe<\/a><\/span>.<\/em>\r[\/et_pb_text][\/et_pb_column][et_pb_column type=&#8220;1_4&#8243; _builder_version=&#8220;3.0.47&#8243;][et_pb_text _builder_version=&#8220;3.0.93&#8243;]Gesellschaft\r\nSexualit\u00e4t\r[\/et_pb_text][\/et_pb_column][\/et_pb_row][\/et_pb_section]\n\n","protected":false},"excerpt":{"rendered":"<p>Titel\u00a0und\u00a0kurze Zusammenfassung der Arbeit Kategorien Generation What und Beziehungen Im dritten Teil zur gro\u00dfen Jugendumfrage der &#8222;Generation What&#8220; geht es um die Vorstellung von Beziehung, Beziehungsformen, Trennungen und die eigene Zukunft. Generation What und Beziehungen. In: PRIDE (2016) 154, S. 32-33. Hier geht es zur Online-Ausgabe. Jugend Gesellschaft Beziehung Generation What und ihr Umgang mit [&hellip;]<\/p>\n","protected":false},"author":1,"featured_media":0,"parent":265,"menu_order":3,"comment_status":"closed","ping_status":"closed","template":"","meta":{"_et_pb_use_builder":"on","_et_pb_old_content":"","_et_gb_content_width":"","footnotes":""},"class_list":["post-6","page","type-page","status-publish","hentry"],"_links":{"self":[{"href":"https:\/\/www.feiner-wuthe.at\/index.php?rest_route=\/wp\/v2\/pages\/6","targetHints":{"allow":["GET"]}}],"collection":[{"href":"https:\/\/www.feiner-wuthe.at\/index.php?rest_route=\/wp\/v2\/pages"}],"about":[{"href":"https:\/\/www.feiner-wuthe.at\/index.php?rest_route=\/wp\/v2\/types\/page"}],"author":[{"embeddable":true,"href":"https:\/\/www.feiner-wuthe.at\/index.php?rest_route=\/wp\/v2\/users\/1"}],"replies":[{"embeddable":true,"href":"https:\/\/www.feiner-wuthe.at\/index.php?rest_route=%2Fwp%2Fv2%2Fcomments&post=6"}],"version-history":[{"count":27,"href":"https:\/\/www.feiner-wuthe.at\/index.php?rest_route=\/wp\/v2\/pages\/6\/revisions"}],"predecessor-version":[{"id":340,"href":"https:\/\/www.feiner-wuthe.at\/index.php?rest_route=\/wp\/v2\/pages\/6\/revisions\/340"}],"up":[{"embeddable":true,"href":"https:\/\/www.feiner-wuthe.at\/index.php?rest_route=\/wp\/v2\/pages\/265"}],"wp:attachment":[{"href":"https:\/\/www.feiner-wuthe.at\/index.php?rest_route=%2Fwp%2Fv2%2Fmedia&parent=6"}],"curies":[{"name":"wp","href":"https:\/\/api.w.org\/{rel}","templated":true}]}}