{"id":269,"date":"2018-01-03T19:36:25","date_gmt":"2018-01-03T18:36:25","guid":{"rendered":"http:\/\/www.feiner-wuthe.at\/?page_id=269"},"modified":"2025-01-17T09:28:34","modified_gmt":"2025-01-17T08:28:34","slug":"veroeffentlichungen-mfw","status":"publish","type":"page","link":"https:\/\/www.feiner-wuthe.at\/?page_id=269","title":{"rendered":"Ver\u00f6ffentlichungen Michaela Feiner-Wuthe"},"content":{"rendered":"\n\n[et_pb_section bb_built=&#8220;1&#8243;][et_pb_row][et_pb_column type=&#8220;1_4&#8243;][\/et_pb_column][et_pb_column type=&#8220;1_2&#8243;][et_pb_text _builder_version=&#8220;3.0.92&#8243; background_layout=&#8220;light&#8220;]\r\n<h3><span style=\"text-decoration: underline;\"><span style=\"color: #e02b20; text-decoration: underline;\">Titel\u00a0<\/span><\/span><span style=\"text-decoration: underline;\"><span style=\"color: #e02b20; text-decoration: underline;\">und\u00a0<\/span><\/span><span style=\"text-decoration: underline;\"><span style=\"color: #e02b20; text-decoration: underline;\">kurze Zusammenfassung <\/span><\/span><span style=\"text-decoration: underline;\"><span style=\"color: #e02b20; text-decoration: underline;\">der Arbeit<\/span><\/span><\/h3>\r\n[\/et_pb_text][\/et_pb_column][et_pb_column type=&#8220;1_4&#8243;][et_pb_text _builder_version=&#8220;3.0.92&#8243; background_layout=&#8220;light&#8220;]\r\n<h3><span style=\"text-decoration: underline; color: #e02b20;\">Kategorien<\/span><\/h3>\r\n[\/et_pb_text][\/et_pb_column][\/et_pb_row][et_pb_row][et_pb_column type=&#8220;1_4&#8243;][et_pb_image admin_label=&#8220;Bild RLP beim US Botschaftsempfang&#8220; _builder_version=&#8220;3.0.93&#8243; show_in_lightbox=&#8220;off&#8220; url_new_window=&#8220;on&#8220; use_overlay=&#8220;off&#8220; always_center_on_mobile=&#8220;on&#8220; force_fullwidth=&#8220;off&#8220; show_bottom_space=&#8220;on&#8220; src=&#8220;http:\/\/www.feiner-wuthe.at\/wp-content\/uploads\/2018\/01\/PRIDE-159-RLP-beim-US-Botschaftsempfang-2017-07.jpg&#8220; box_shadow_style=&#8220;preset1&#8243; \/][\/et_pb_column][et_pb_column type=&#8220;1_2&#8243;][et_pb_text admin_label=&#8220;2017 07 &#8211; RLP beim US Botschaftsempfang&#8220; _builder_version=&#8220;3.0.93&#8243; background_layout=&#8220;light&#8220;]\r\n<h4><span style=\"color: #e02b20;\">RLP beim US Botschaftsempfang<\/span><\/h4>\r\n2019 j\u00e4hren sich die Stonewall Unruhen bereits zum 50. Mal. Anl\u00e4sslich dieses Jubil\u00e4ums veranstalteten die Organisationen EuroPride Vienna 2019 und Stonewall 50 einen Launch im Anwesen des US-Botschafters. Ziel war es, hochkar\u00e4tigen Pers\u00f6nlichkeiten der LGBTIQ Community \u00fcber den Fortschritt der Planungen zu informieren.\r\n\r\n<em>2017 07 &#8211; RLP beim US Botschaftsempfang. In: PRIDE (2017) 159, S. 38.\u00a0<\/em>\r\n\r\n[\/et_pb_text][\/et_pb_column][et_pb_column type=&#8220;1_4&#8243;][et_pb_text _builder_version=&#8220;3.0.93&#8243; background_layout=&#8220;light&#8220;]\r\n\r\nGeschichte\r\nGesellschaft\r\nHomosexualit\u00e4t\r\n\r\n[\/et_pb_text][\/et_pb_column][\/et_pb_row][et_pb_row][et_pb_column type=&#8220;1_4&#8243;][et_pb_image admin_label=&#8220;Bild Donna Lila wird sportlich!&#8220; _builder_version=&#8220;3.0.93&#8243; show_in_lightbox=&#8220;off&#8220; url_new_window=&#8220;on&#8220; use_overlay=&#8220;off&#8220; always_center_on_mobile=&#8220;on&#8220; force_fullwidth=&#8220;off&#8220; show_bottom_space=&#8220;on&#8220; src=&#8220;http:\/\/www.feiner-wuthe.at\/wp-content\/uploads\/2018\/01\/PRIDE-158-Donna-Lila-wird-sportlich-2017-06.jpg&#8220; box_shadow_style=&#8220;preset1&#8243; \/][\/et_pb_column][et_pb_column type=&#8220;1_2&#8243;][et_pb_text admin_label=&#8220;2017 06 &#8211; Donna Lila wird sportlich!&#8220; _builder_version=&#8220;3.0.93&#8243; background_layout=&#8220;light&#8220;]\r\n<h4><span style=\"color: #e02b20;\">Donna Lila wird sportlich!<\/span><\/h4>\r\nDie Frauengruppe Donna Lila hat sich ein ehrgeiziges Ziel gesetzt: Gemeinsam wollen alle Mitglieder mehr f\u00fcr ihre Gesundheit tun, indem sie sich mit Freude k\u00f6rperlich bet\u00e4tigen, neue Sportarten ausprobieren und einfach gemeinsam die frische Luft im Park genie\u00dfen.\r\n\r\n<em>mit Hannah Bayer: Donna Lila wird sportlich! In: PRIDE (2017) 158, S. 27. Hier geht&#8217;s zur\u00a0<span style=\"color: #e02b20;\"><a style=\"color: #e02b20;\" href=\"http:\/\/e.issuu.com\/embed.html#4853771\/51473355\">Online-Ausgabe<\/a><\/span>.<\/em>\r\n\r\n[\/et_pb_text][\/et_pb_column][et_pb_column type=&#8220;1_4&#8243;][et_pb_text _builder_version=&#8220;3.0.93&#8243; background_layout=&#8220;light&#8220;]\r\n\r\nFrauen\r\nFreizeit\r\nBewegung\r\n\r\n[\/et_pb_text][\/et_pb_column][\/et_pb_row][et_pb_row][et_pb_column type=&#8220;1_4&#8243;][et_pb_image admin_label=&#8220;Bild Rose, Abnehmpillen und geschlechtergerechte Sprache&#8220; _builder_version=&#8220;3.0.93&#8243; show_in_lightbox=&#8220;off&#8220; url_new_window=&#8220;on&#8220; use_overlay=&#8220;off&#8220; always_center_on_mobile=&#8220;on&#8220; force_fullwidth=&#8220;off&#8220; show_bottom_space=&#8220;on&#8220; src=&#8220;http:\/\/www.feiner-wuthe.at\/wp-content\/uploads\/2018\/01\/PRIDE-157-Rose-Abnehmpillen-und-geschlechtergerechte-Sprache-2017-04.jpg&#8220; box_shadow_style=&#8220;preset1&#8243; \/][\/et_pb_column][et_pb_column type=&#8220;1_2&#8243;][et_pb_text admin_label=&#8220;2017 04 &#8211; Rose, Abnehmpillen und geschlechtergerechte Sprache&#8220; _builder_version=&#8220;3.0.93&#8243; background_layout=&#8220;light&#8220;]\r\n<h4><span style=\"color: #e02b20;\">Was haben eine Rose, Abnehmpillen und geschlechtergerechte Sprache miteinander zu tun?<\/span><\/h4>\r\nIn einem Kommentar wird der Frage auf den Grund gegangen, was es mit der obligatorischen Rose zum Internationalen Weltfrauentag, unz\u00e4hligen Angeboten von Abnehmpillen und der Pr\u00e4senz von Frauen in der Sprache auf sich hat. Weiters werden einige einfache und dennoch sehr aussagekr\u00e4ftige Variante aufgezeigt, Frauen sprachlich sichtbar zu machen.\r\n\r\n<em>Was haben eine Rose, Abnehmpillen und geschlechtergerechte Sprache miteinander zu tun? In: PRIDE (2017) 157, S. 9. Hier geht&#8217;s zur\u00a0<span style=\"color: #e02b20;\"><a style=\"color: #e02b20;\" href=\"http:\/\/e.issuu.com\/embed.html#4853771\/49735000\">Online-Ausgabe<\/a><\/span>.<\/em>\r\n\r\n[\/et_pb_text][\/et_pb_column][et_pb_column type=&#8220;1_4&#8243;][et_pb_text _builder_version=&#8220;3.0.93&#8243; background_layout=&#8220;light&#8220;]\r\n\r\nFrauen\r\nSprache\r\nGleichberechtigung\r\n\r\n[\/et_pb_text][\/et_pb_column][\/et_pb_row][et_pb_row][et_pb_column type=&#8220;1_4&#8243;][et_pb_image admin_label=&#8220;Bild Sexuelle Identit\u00e4t als Erfindung der Moderne&#8220; _builder_version=&#8220;3.0.93&#8243; show_in_lightbox=&#8220;off&#8220; url_new_window=&#8220;on&#8220; use_overlay=&#8220;off&#8220; always_center_on_mobile=&#8220;on&#8220; force_fullwidth=&#8220;off&#8220; show_bottom_space=&#8220;on&#8220; src=&#8220;http:\/\/www.feiner-wuthe.at\/wp-content\/uploads\/2018\/01\/Sexuelle-Identit\u00e4-als-Erfindung-der-Moderne-2017-03.jpg&#8220; box_shadow_style=&#8220;preset1&#8243; \/][\/et_pb_column][et_pb_column type=&#8220;1_2&#8243;][et_pb_text admin_label=&#8220;2017 03 &#8211; Sexuelle Identit\u00e4t&#8220; _builder_version=&#8220;3.0.93&#8243; background_layout=&#8220;light&#8220;]\r\n<h4><span style=\"color: #e02b20;\">Sexuelle Identit\u00e4t als Erfindung der Moderne<\/span><\/h4>\r\nIn diesem Artikel werden der unterschiedliche Umgang mit gleichgeschlechtlicher Liebe und die Verankerung im Alltagsleben beleuchtet. Wie wurde dies bei den alten R\u00f6mern und Griechen gehandhabt? Wann ist der Begriff Homosexualit\u00e4t aufgekommen? Dies und Vieles mehr erfahren Sie in diesem Beitrag!\r\n\r\n<em>Sexuelle Identit\u00e4t als Erfindung der Moderne. In: Panthera (2017), S. 27-29. Hier geht&#8217;s zur\u00a0<span style=\"color: #e02b20;\"><a style=\"color: #e02b20;\" href=\"https:\/\/issuu.com\/homo.at\/docs\/panthera_17_screen\">Online-Ausgabe<\/a><\/span>.<\/em>\r\n\r\n[\/et_pb_text][\/et_pb_column][et_pb_column type=&#8220;1_4&#8243;][et_pb_text _builder_version=&#8220;3.0.93&#8243; background_layout=&#8220;light&#8220;]\r\n\r\nGeschichte\r\nGesellschaft\r\nHomosexualit\u00e4t\r\n\r\n[\/et_pb_text][\/et_pb_column][\/et_pb_row][et_pb_row][et_pb_column type=&#8220;1_4&#8243;][et_pb_image admin_label=&#8220;Bild F\u00fcr unsere T\u00f6chter!&#8220; _builder_version=&#8220;3.0.93&#8243; show_in_lightbox=&#8220;off&#8220; url_new_window=&#8220;on&#8220; use_overlay=&#8220;off&#8220; always_center_on_mobile=&#8220;on&#8220; force_fullwidth=&#8220;off&#8220; show_bottom_space=&#8220;on&#8220; src=&#8220;http:\/\/www.feiner-wuthe.at\/wp-content\/uploads\/2018\/01\/PRIDE-151-F\u00fcr-unsere-T\u00f6chter-2016-04.jpg&#8220; box_shadow_style=&#8220;preset1&#8243; \/][\/et_pb_column][et_pb_column type=&#8220;1_2&#8243;][et_pb_text admin_label=&#8220;2016 04 &#8211; F\u00fcr unsere T\u00f6chter!&#8220; _builder_version=&#8220;3.0.93&#8243; background_layout=&#8220;light&#8220;]\r\n<h4><span style=\"color: #e02b20;\">F\u00fcr unsere T\u00f6chter!<\/span><\/h4>\r\nAnl\u00e4sslich des Weltfrauentages\u00a0zeigt Donna Lila als &#8222;Rosenkavalierin der besonderen Art&#8220; ihre Seite als feministische Politaktivistin und pr\u00e4sentiert Sichtweisen, Erfahrungen, Sehns\u00fcchte und Forderungen von Frauen aus Graz. In qualitativen Interviews wurden 12 Frauen zu ihren Meinungen befragt. Alle 90 Minuten wurde ein Statement auf Facebook gepostet.\r\n\r\n<em>F\u00fcr unsere T\u00f6chter! In: PRIDE (2016) 151, S. 29. Hier geht&#8217;s zur\u00a0<span style=\"color: #e02b20;\"><a style=\"color: #e02b20;\" href=\"http:\/\/e.issuu.com\/embed.html#4853771\/37582845\">Online-Ausgabe<\/a><\/span>.<\/em>\r\n\r\n[\/et_pb_text][\/et_pb_column][et_pb_column type=&#8220;1_4&#8243;][et_pb_text _builder_version=&#8220;3.0.93&#8243; background_layout=&#8220;light&#8220;]\r\n\r\nFrauen\r\nGesellschaft\r\nGleichberechtigung\r\n\r\n[\/et_pb_text][\/et_pb_column][\/et_pb_row][et_pb_row][et_pb_column type=&#8220;1_4&#8243;][et_pb_image admin_label=&#8220;Bild Kultur und Freizeitgruppe&#8220; _builder_version=&#8220;3.0.93&#8243; show_in_lightbox=&#8220;off&#8220; url_new_window=&#8220;on&#8220; use_overlay=&#8220;off&#8220; always_center_on_mobile=&#8220;on&#8220; force_fullwidth=&#8220;off&#8220; show_bottom_space=&#8220;on&#8220; src=&#8220;http:\/\/www.feiner-wuthe.at\/wp-content\/uploads\/2018\/01\/Kultur-und-Freizeitgruppe-2016-02.jpg&#8220; box_shadow_style=&#8220;preset1&#8243; \/][\/et_pb_column][et_pb_column type=&#8220;1_2&#8243;][et_pb_text admin_label=&#8220;2016 02 &#8211; Kultur- und Freizeitgruppe&#8220; _builder_version=&#8220;3.0.93&#8243; background_layout=&#8220;light&#8220;]\r\n<h4><span style=\"color: #e02b20;\">Kultur- und Freizeitgruppe<\/span><\/h4>\r\nZiel der Kultur- und Freizeitgruppe ist ein respektvoller Umgang mit anderen Menschen und gemeinsame Unternehmungen wie beispielsweise der Besuch von Ausstellungen und Museen oder sonstige Freizeitaktivit\u00e4ten.\r\n\r\n<em>Kultur- und Freizeitgruppe. In: Panthera (2016), S. 42. Hier geht&#8217;s zur <span style=\"color: #e02b20;\"><a style=\"color: #e02b20;\" href=\"https:\/\/issuu.com\/homo.at\/docs\/tb_2016_panthera_screen\">Online-Ausgabe<\/a><\/span>.<\/em>\r\n\r\n[\/et_pb_text][\/et_pb_column][et_pb_column type=&#8220;1_4&#8243;][et_pb_text _builder_version=&#8220;3.0.93&#8243; background_layout=&#8220;light&#8220;]\r\n\r\nKultur\r\nGesellschaft\r\nMuseum\r\n\r\n[\/et_pb_text][\/et_pb_column][\/et_pb_row][et_pb_row][et_pb_column type=&#8220;1_4&#8243;][et_pb_image admin_label=&#8220;Bild Vom Restlessen&#8220; _builder_version=&#8220;3.0.93&#8243; show_in_lightbox=&#8220;off&#8220; url_new_window=&#8220;on&#8220; use_overlay=&#8220;off&#8220; always_center_on_mobile=&#8220;on&#8220; force_fullwidth=&#8220;off&#8220; show_bottom_space=&#8220;on&#8220; src=&#8220;http:\/\/www.feiner-wuthe.at\/wp-content\/uploads\/2018\/01\/Vom-Restlesen-und-der-lieben-Eifersucht-2016-02.jpg&#8220; box_shadow_style=&#8220;preset1&#8243; \/][\/et_pb_column][et_pb_column type=&#8220;1_2&#8243;][et_pb_text admin_label=&#8220;2016 02 &#8211; Vom Restlessen&#8220; _builder_version=&#8220;3.0.93&#8243; background_layout=&#8220;light&#8220;]\r\n<h4><span style=\"color: #e02b20;\">Vom Restlessen und der lieben Eifersucht<\/span><\/h4>\r\nAuf humorvolle und doch tiefgr\u00fcndige Art soll hier den Unterschieden von hetero- bzw. homosexuellen Paaren auf den Grund gegangen werden. Oder \u00fcberwiegen wom\u00f6glich doch die Gemeinsamkeiten?\r\n\r\n<em>mit Martina Weixler: Vom Restlessen und der lieben Eifersucht: In: Panthera (2016), S. 31. Hier geht&#8217;s zur <span style=\"color: #e02b20;\"><a style=\"color: #e02b20;\" href=\"https:\/\/issuu.com\/homo.at\/docs\/tb_2016_panthera_screen\">Online-Ausgabe<\/a><\/span>.<\/em>\r\n\r\n[\/et_pb_text][\/et_pb_column][et_pb_column type=&#8220;1_4&#8243;][et_pb_text _builder_version=&#8220;3.0.93&#8243; background_layout=&#8220;light&#8220;]\r\n\r\nSexualit\u00e4t\r\nGesellschaft\r\nGleichstellung\r\n\r\n[\/et_pb_text][\/et_pb_column][\/et_pb_row][et_pb_row][et_pb_column type=&#8220;1_4&#8243;][et_pb_image admin_label=&#8220;Bild Kultur als Br\u00fcckenbauer&#8220; _builder_version=&#8220;3.0.93&#8243; show_in_lightbox=&#8220;off&#8220; url_new_window=&#8220;on&#8220; use_overlay=&#8220;off&#8220; always_center_on_mobile=&#8220;on&#8220; force_fullwidth=&#8220;off&#8220; show_bottom_space=&#8220;on&#8220; src=&#8220;http:\/\/www.feiner-wuthe.at\/wp-content\/uploads\/2018\/01\/Kultur-als-Br\u00fcckenbauer-15-02.jpg&#8220; box_shadow_style=&#8220;preset1&#8243; \/][\/et_pb_column][et_pb_column type=&#8220;1_2&#8243;][et_pb_text admin_label=&#8220;2015 02 &#8211; Kultur als Br\u00fcckenbauer&#8220; _builder_version=&#8220;3.0.93&#8243; background_layout=&#8220;light&#8220;]\r\n<h4><span style=\"color: #e02b20;\">Kultur als Br\u00fcckenbauer<\/span><\/h4>\r\nDurch gemeinsame Unternehmungen und das Besuchen von kulturellen Veranstaltungen entsteht eine entspannte und verst\u00e4ndnisvolle Gespr\u00e4chsbasis. Kultur, egal in welcher Form, fungiert als &#8222;Br\u00fcckenbauer&#8220;.\r\n\r\n<em>Kultur als Br\u00fcckenbauer. In: Panthera (2015), S. 51. Hier geht&#8217;s zur <span style=\"color: #e02b20;\"><a style=\"color: #e02b20;\" href=\"https:\/\/issuu.com\/homo.at\/docs\/panthera_screen_einzeln\">Online-Ausgabe<\/a><\/span>.<\/em>\r\n\r\n[\/et_pb_text][\/et_pb_column][et_pb_column type=&#8220;1_4&#8243;][et_pb_text _builder_version=&#8220;3.0.93&#8243; background_layout=&#8220;light&#8220;]\r\n\r\nKultur\r\nGesellschaft\r\nMuseum\r\n\r\n[\/et_pb_text][\/et_pb_column][\/et_pb_row][et_pb_row][et_pb_column type=&#8220;1_4&#8243;][et_pb_image admin_label=&#8220;Bild Zirkus &#8220; _builder_version=&#8220;3.0.93&#8243; show_in_lightbox=&#8220;off&#8220; url_new_window=&#8220;on&#8220; use_overlay=&#8220;off&#8220; always_center_on_mobile=&#8220;on&#8220; force_fullwidth=&#8220;off&#8220; show_bottom_space=&#8220;on&#8220; src=&#8220;http:\/\/www.feiner-wuthe.at\/wp-content\/uploads\/2018\/01\/Zirkus-Faszination-des-Fremde-2015-02.jpg&#8220; box_shadow_style=&#8220;preset1&#8243; \/][\/et_pb_column][et_pb_column type=&#8220;1_2&#8243;][et_pb_text admin_label=&#8220;2015 02 &#8211; Zirkus &#8211; Die Faszination f\u00fcr das Fremde&#8220; _builder_version=&#8220;3.0.93&#8243; background_layout=&#8220;light&#8220;]\r\n<h4><span style=\"color: #e02b20;\">Zirkus &#8211; Die Faszination f\u00fcr das Fremde<\/span><\/h4>\r\nDieser Artikel besch\u00e4ftigt sich mit den Anf\u00e4ngen der Zirkusgeschichte, setzt sich mit seinen Vorl\u00e4ufern wie Variet\u00e9 oder Wanderzirkus auseinander und stellt sich die Frage, was Wagenrennen, Pferdevorf\u00fchrungen im Freien und ein Zirkuszelt gemeinsam\u00a0haben?\r\n\r\n<em>Zirkus &#8211; Die Faszination f\u00fcr das Fremde. In: Panthera (2015), S. 3. Hier geht&#8217;s zur <span style=\"color: #e02b20;\"><a style=\"color: #e02b20;\" href=\"https:\/\/issuu.com\/homo.at\/docs\/panthera_screen_einzeln\">Online-Ausgabe<\/a><\/span>.<\/em>\r\n\r\n[\/et_pb_text][\/et_pb_column][et_pb_column type=&#8220;1_4&#8243;][et_pb_text _builder_version=&#8220;3.0.93&#8243; background_layout=&#8220;light&#8220;]\r\n\r\nZirkus\r\nGeschichte\r\nGesellschaft\r\n\r\n[\/et_pb_text][\/et_pb_column][\/et_pb_row][\/et_pb_section]\n\n","protected":false},"excerpt":{"rendered":"<p><div class=\"et_pb_row et_pb_row_0 et_pb_row_empty\">\n\t\t\t\t\n\t\t\t\t\n\t\t\t\t\n\t\t\t\t\n\t\t\t\t\n\t\t\t<\/div> Titel\u00a0und\u00a0kurze Zusammenfassung der Arbeit Kategorien <div class=\"et_pb_row et_pb_row_1 et_pb_row_empty\">\n\t\t\t\t\n\t\t\t\t\n\t\t\t\t\n\t\t\t\t\n\t\t\t\t\n\t\t\t<\/div> RLP beim US Botschaftsempfang 2019 j\u00e4hren sich die Stonewall Unruhen bereits zum 50. Mal. Anl\u00e4sslich dieses Jubil\u00e4ums veranstalteten die Organisationen EuroPride Vienna 2019 und Stonewall 50 einen Launch im Anwesen des US-Botschafters. Ziel war es, hochkar\u00e4tigen Pers\u00f6nlichkeiten der LGBTIQ Community \u00fcber den Fortschritt der Planungen zu informieren. 2017 [&hellip;]<\/p>\n","protected":false},"author":1,"featured_media":0,"parent":265,"menu_order":3,"comment_status":"closed","ping_status":"closed","template":"","meta":{"_et_pb_use_builder":"on","_et_pb_old_content":"","_et_gb_content_width":"","footnotes":""},"class_list":["post-269","page","type-page","status-publish","hentry"],"_links":{"self":[{"href":"https:\/\/www.feiner-wuthe.at\/index.php?rest_route=\/wp\/v2\/pages\/269","targetHints":{"allow":["GET"]}}],"collection":[{"href":"https:\/\/www.feiner-wuthe.at\/index.php?rest_route=\/wp\/v2\/pages"}],"about":[{"href":"https:\/\/www.feiner-wuthe.at\/index.php?rest_route=\/wp\/v2\/types\/page"}],"author":[{"embeddable":true,"href":"https:\/\/www.feiner-wuthe.at\/index.php?rest_route=\/wp\/v2\/users\/1"}],"replies":[{"embeddable":true,"href":"https:\/\/www.feiner-wuthe.at\/index.php?rest_route=%2Fwp%2Fv2%2Fcomments&post=269"}],"version-history":[{"count":10,"href":"https:\/\/www.feiner-wuthe.at\/index.php?rest_route=\/wp\/v2\/pages\/269\/revisions"}],"predecessor-version":[{"id":341,"href":"https:\/\/www.feiner-wuthe.at\/index.php?rest_route=\/wp\/v2\/pages\/269\/revisions\/341"}],"up":[{"embeddable":true,"href":"https:\/\/www.feiner-wuthe.at\/index.php?rest_route=\/wp\/v2\/pages\/265"}],"wp:attachment":[{"href":"https:\/\/www.feiner-wuthe.at\/index.php?rest_route=%2Fwp%2Fv2%2Fmedia&parent=269"}],"curies":[{"name":"wp","href":"https:\/\/api.w.org\/{rel}","templated":true}]}}