{"id":16,"date":"2015-08-27T17:23:00","date_gmt":"2015-08-27T15:23:00","guid":{"rendered":"http:\/\/www.feiner-wuthe.at\/?page_id=16"},"modified":"2025-01-17T09:30:21","modified_gmt":"2025-01-17T08:30:21","slug":"impressum-kontakt","status":"publish","type":"page","link":"https:\/\/www.feiner-wuthe.at\/?page_id=16","title":{"rendered":"IMPRESSUM \/ KONTAKT"},"content":{"rendered":"<p>[et_pb_section fb_built=&#8220;1&#8243; _builder_version=&#8220;4.16&#8243; global_colors_info=&#8220;{}&#8220;][et_pb_row _builder_version=&#8220;4.16&#8243; background_size=&#8220;initial&#8220; background_position=&#8220;top_left&#8220; background_repeat=&#8220;repeat&#8220; global_colors_info=&#8220;{}&#8220;][et_pb_column type=&#8220;4_4&#8243; _builder_version=&#8220;4.16&#8243; custom_padding=&#8220;|||&#8220; global_colors_info=&#8220;{}&#8220; custom_padding__hover=&#8220;|||&#8220;][et_pb_image src=&#8220;http:\/\/www.feiner-wuthe.at\/wp-content\/uploads\/2018\/01\/laptop-desk-computer-work-man-working-644378-pxhere.com_.jpeg&#8220; url_new_window=&#8220;on&#8220; align_tablet=&#8220;center&#8220; align_phone=&#8220;&#8220; align_last_edited=&#8220;on|desktop&#8220; admin_label=&#8220;Computerarbeitsplatz&#8220; _builder_version=&#8220;4.16&#8243; always_center_on_mobile=&#8220;on&#8220; global_colors_info=&#8220;{}&#8220;][\/et_pb_image][\/et_pb_column][\/et_pb_row][et_pb_row _builder_version=&#8220;4.16&#8243; global_colors_info=&#8220;{}&#8220;][et_pb_column type=&#8220;4_4&#8243; _builder_version=&#8220;4.16&#8243; custom_padding=&#8220;|||&#8220; global_colors_info=&#8220;{}&#8220; custom_padding__hover=&#8220;|||&#8220;][et_pb_text admin_label=&#8220;Offenlegung&#8220; _builder_version=&#8220;4.16&#8243; global_colors_info=&#8220;{}&#8220;]<\/p>\n<h3><span style=\"color: #e02b20;\">Offenlegung gem. \u00a725 des Mediengesetzes<\/span><\/h3>\n<p><strong>www.feiner-wuthe.at<\/strong> ist ein privates, f\u00fcr jeden zug\u00e4ngliches Online-Angebot.\u00a0Layout und Gestaltung des Angebots insgesamt sowie seiner einzelnen Elemente sind urheberrechtlich gesch\u00fctzt. Gleiches gilt auch f\u00fcr die inhaltlichen Beitr\u00e4ge.<br \/>\n[\/et_pb_text][\/et_pb_column][\/et_pb_row][et_pb_row _builder_version=&#8220;4.16&#8243; background_size=&#8220;initial&#8220; background_position=&#8220;top_left&#8220; background_repeat=&#8220;repeat&#8220; global_colors_info=&#8220;{}&#8220;][et_pb_column type=&#8220;4_4&#8243; _builder_version=&#8220;4.16&#8243; custom_padding=&#8220;|||&#8220; global_colors_info=&#8220;{}&#8220; custom_padding__hover=&#8220;|||&#8220;][et_pb_text admin_label=&#8220;Medieninhaber&#8220; _builder_version=&#8220;4.16&#8243; global_colors_info=&#8220;{}&#8220;]<\/p>\n<h3><span style=\"color: #e02b20;\">Medieninhaber und Herausgeber<\/span><\/h3>\n<p>Eberhard &amp; Michaela Feiner-Wuthe<br \/>Kratkystra\u00dfe 10c\/15<br \/>A-8020 Graz<\/p>\n<p>[\/et_pb_text][\/et_pb_column][\/et_pb_row][et_pb_row _builder_version=&#8220;4.16&#8243; background_size=&#8220;initial&#8220; background_position=&#8220;top_left&#8220; background_repeat=&#8220;repeat&#8220; global_colors_info=&#8220;{}&#8220;][et_pb_column type=&#8220;4_4&#8243; _builder_version=&#8220;4.16&#8243; custom_padding=&#8220;|||&#8220; global_colors_info=&#8220;{}&#8220; custom_padding__hover=&#8220;|||&#8220;][et_pb_text admin_label=&#8220;Haftung&#8220; _builder_version=&#8220;4.16&#8243; global_colors_info=&#8220;{}&#8220;]<\/p>\n<h3><span style=\"color: #e02b20;\">Haftung<\/span><\/h3>\n<p>Es kann keine Gew\u00e4hr auf die vollst\u00e4ndige Richtigkeit der hier ver\u00f6ffentlichten Inhalte \u00fcbernommen werden. Eine Haftung f\u00fcr Sch\u00e4den, die sich aus der Verwendung der abgerufenen Informationen ergeben, ist ausgeschlossen.<br \/>\n[\/et_pb_text][\/et_pb_column][\/et_pb_row][et_pb_row _builder_version=&#8220;4.16&#8243; background_size=&#8220;initial&#8220; background_position=&#8220;top_left&#8220; background_repeat=&#8220;repeat&#8220; global_colors_info=&#8220;{}&#8220;][et_pb_column type=&#8220;4_4&#8243; _builder_version=&#8220;4.16&#8243; custom_padding=&#8220;|||&#8220; global_colors_info=&#8220;{}&#8220; custom_padding__hover=&#8220;|||&#8220;][et_pb_text admin_label=&#8220;Links&#8220; _builder_version=&#8220;4.16&#8243; global_colors_info=&#8220;{}&#8220;]<\/p>\n<h3><span style=\"color: #e02b20;\">Links auf fremde Seiten<\/span><\/h3>\n<p>Im Sinne eines m\u00f6glichst breit gef\u00e4cherten Informationsnutzens werden Links auf fremde Seiten gesetzt, die zuvor auf Seriosit\u00e4t gepr\u00fcft wurden. Da sich auf Unterverzeichnissen oder durch sp\u00e4tere Aktualisierung illegale Inhalte auf diesen Seiten befinden k\u00f6nnten, distanziere ich mich von den Inhalten fremder Seiten.<br \/>\nF\u00fcr fehlerhafte, illegale oder unvollst\u00e4ndige Inhalte, vor allem f\u00fcr Sch\u00e4den durch deren Nutzung, haftet ausschlie\u00dflich der Anbieter der jeweiligen Seite.<br \/>\n[\/et_pb_text][\/et_pb_column][\/et_pb_row][et_pb_row _builder_version=&#8220;4.16&#8243; background_size=&#8220;initial&#8220; background_position=&#8220;top_left&#8220; background_repeat=&#8220;repeat&#8220; global_colors_info=&#8220;{}&#8220;][et_pb_column type=&#8220;4_4&#8243; _builder_version=&#8220;4.16&#8243; custom_padding=&#8220;|||&#8220; global_colors_info=&#8220;{}&#8220; custom_padding__hover=&#8220;|||&#8220;][et_pb_text admin_label=&#8220;Copyright&#8220; _builder_version=&#8220;4.16&#8243; global_colors_info=&#8220;{}&#8220;]<\/p>\n<h3><span style=\"color: #e02b20;\">Copyright<\/span><\/h3>\n<p>\u00a9 Copyright 2006 &#8211; 2022 by Eberhard Feiner-Wuthe.<br \/>Alle Rechte vorbehalten. Text, Bilder, und Grafiken sowie deren Anordnung auf dieser Homepage unterliegen dem Schutz des Urheberrechts und anderer Schutzgesetze. Der Inhalt dieser Website (oder auch nur ein Teil davon) darf ohne ausdr\u00fcckliche Zustimmung weder kopiert, verbreitet, noch sonst irgendwie verwendet werden.<\/p>\n<p>[\/et_pb_text][\/et_pb_column][\/et_pb_row][\/et_pb_section]<\/p>\n","protected":false},"excerpt":{"rendered":"<p>Offenlegung gem. \u00a725 des Mediengesetzes www.feiner-wuthe.at ist ein privates, f\u00fcr jeden zug\u00e4ngliches Online-Angebot.\u00a0Layout und Gestaltung des Angebots insgesamt sowie seiner einzelnen Elemente sind urheberrechtlich gesch\u00fctzt. Gleiches gilt auch f\u00fcr die inhaltlichen Beitr\u00e4ge. Medieninhaber und Herausgeber Eberhard &amp; Michaela Feiner-WutheKratkystra\u00dfe 10c\/15A-8020 GrazHaftung Es kann keine Gew\u00e4hr auf die vollst\u00e4ndige Richtigkeit der hier ver\u00f6ffentlichten Inhalte \u00fcbernommen werden. [&hellip;]<\/p>\n","protected":false},"author":1,"featured_media":0,"parent":0,"menu_order":5,"comment_status":"closed","ping_status":"closed","template":"","meta":{"_et_pb_use_builder":"on","_et_pb_old_content":"","_et_gb_content_width":"","footnotes":""},"class_list":["post-16","page","type-page","status-publish","hentry"],"_links":{"self":[{"href":"https:\/\/www.feiner-wuthe.at\/index.php?rest_route=\/wp\/v2\/pages\/16","targetHints":{"allow":["GET"]}}],"collection":[{"href":"https:\/\/www.feiner-wuthe.at\/index.php?rest_route=\/wp\/v2\/pages"}],"about":[{"href":"https:\/\/www.feiner-wuthe.at\/index.php?rest_route=\/wp\/v2\/types\/page"}],"author":[{"embeddable":true,"href":"https:\/\/www.feiner-wuthe.at\/index.php?rest_route=\/wp\/v2\/users\/1"}],"replies":[{"embeddable":true,"href":"https:\/\/www.feiner-wuthe.at\/index.php?rest_route=%2Fwp%2Fv2%2Fcomments&post=16"}],"version-history":[{"count":20,"href":"https:\/\/www.feiner-wuthe.at\/index.php?rest_route=\/wp\/v2\/pages\/16\/revisions"}],"predecessor-version":[{"id":355,"href":"https:\/\/www.feiner-wuthe.at\/index.php?rest_route=\/wp\/v2\/pages\/16\/revisions\/355"}],"wp:attachment":[{"href":"https:\/\/www.feiner-wuthe.at\/index.php?rest_route=%2Fwp%2Fv2%2Fmedia&parent=16"}],"curies":[{"name":"wp","href":"https:\/\/api.w.org\/{rel}","templated":true}]}}